{"id":15,"date":"2019-11-25T19:51:39","date_gmt":"2019-11-25T19:51:39","guid":{"rendered":"https:\/\/demos.kadencewp.com\/blocks-agency\/?page_id=15"},"modified":"2024-12-28T09:51:11","modified_gmt":"2024-12-28T08:51:11","slug":"homepage","status":"publish","type":"page","link":"https:\/\/fresh24.cz\/","title":{"rendered":"Homepage"},"content":{"rendered":"<style>.kb-row-layout-id15_f1545f-56 > .kt-row-column-wrap{align-content:center;}:where(.kb-row-layout-id15_f1545f-56 > .kt-row-column-wrap) > .wp-block-kadence-column{justify-content:center;}.kb-row-layout-id15_f1545f-56 > .kt-row-column-wrap{column-gap:var(--global-kb-gap-lg, 4rem);row-gap:var(--global-kb-gap-md, 2rem);max-width:1200px;margin-left:auto;margin-right:auto;padding-top:100px;padding-right:25px;padding-bottom:100px;padding-left:25px;grid-template-columns:repeat(2, minmax(0, 1fr));}.kb-row-layout-id15_f1545f-56 > .kt-row-layout-overlay{opacity:0.30;}.kb-row-layout-id15_f1545f-56 .kt-row-layout-bottom-sep{height:100px;}.kb-row-layout-id15_f1545f-56 .kt-row-layout-bottom-sep svg{width:100%;}.kb-row-layout-id15_f1545f-56 .kt-row-layout-bottom-sep svg{fill:#ffffff!important;}@media all and (max-width: 1024px){.kb-row-layout-id15_f1545f-56 > .kt-row-column-wrap{grid-template-columns:repeat(2, minmax(0, 1fr));}}@media all and (max-width: 1024px){.kb-row-layout-id15_f1545f-56 .kt-row-layout-bottom-sep{height:px;}}@media all and (max-width: 1024px){.kb-row-layout-id15_f1545f-56 .kt-row-layout-bottom-sep svg{width:%;}}@media all and (max-width: 767px){.kb-row-layout-id15_f1545f-56 > .kt-row-column-wrap{grid-template-columns:minmax(0, 1fr);}.kb-row-layout-id15_f1545f-56 .kt-row-layout-bottom-sep{height:px;}.kb-row-layout-id15_f1545f-56 .kt-row-layout-bottom-sep svg{width:%;}}<\/style><div class=\"kb-row-layout-wrap kb-row-layout-id15_f1545f-56 alignfull has-theme-palette9-background-color kt-row-has-bg wp-block-kadence-rowlayout\"><div class=\"kt-row-column-wrap kt-has-2-columns kt-row-layout-equal kt-tab-layout-inherit kt-mobile-layout-row kt-row-valign-middle\">\n<style>.kadence-column15_ed5b93-c0 > .kt-inside-inner-col,.kadence-column15_ed5b93-c0 > .kt-inside-inner-col:before{border-top-left-radius:0px;border-top-right-radius:0px;border-bottom-right-radius:0px;border-bottom-left-radius:0px;}.kadence-column15_ed5b93-c0 > .kt-inside-inner-col{column-gap:var(--global-kb-gap-sm, 1rem);}.kadence-column15_ed5b93-c0 > .kt-inside-inner-col{flex-direction:column;}.kadence-column15_ed5b93-c0 > .kt-inside-inner-col > .aligncenter{width:100%;}.kadence-column15_ed5b93-c0 > .kt-inside-inner-col:before{opacity:0.3;}.kadence-column15_ed5b93-c0{position:relative;}@media all and (max-width: 1024px){.kadence-column15_ed5b93-c0 > .kt-inside-inner-col{flex-direction:column;}}@media all and (max-width: 767px){.kadence-column15_ed5b93-c0 > .kt-inside-inner-col{flex-direction:column;}}<\/style>\n<div class=\"wp-block-kadence-column kadence-column15_ed5b93-c0 inner-column-2\"><div class=\"kt-inside-inner-col\">\n<h2 class=\"wp-block-heading\">fresh24.cz<\/h2>\n\n\n\n<p>Tato dom\u00e9na m\u016f\u017ee b\u00fdt na prodej!<\/p>\n<\/div><\/div>\n\n\n<style>.kadence-column15_b28ddb-fd > .kt-inside-inner-col{display:flex;}.kadence-column15_b28ddb-fd > .kt-inside-inner-col{padding-top:40px;padding-right:40px;padding-bottom:40px;padding-left:40px;}.kadence-column15_b28ddb-fd > .kt-inside-inner-col,.kadence-column15_b28ddb-fd > .kt-inside-inner-col:before{border-top-left-radius:10px;border-top-right-radius:10px;border-bottom-right-radius:10px;border-bottom-left-radius:10px;}.kadence-column15_b28ddb-fd > .kt-inside-inner-col{column-gap:var(--global-kb-gap-sm, 1rem);}.kadence-column15_b28ddb-fd > .kt-inside-inner-col{flex-direction:column;}.kadence-column15_b28ddb-fd > .kt-inside-inner-col > .aligncenter{width:100%;}.kadence-column15_b28ddb-fd > .kt-inside-inner-col{background-color:#68b1f6;}.kadence-column15_b28ddb-fd > .kt-inside-inner-col:before{opacity:0.3;}.kadence-column15_b28ddb-fd{position:relative;}@media all and (max-width: 1024px){.kadence-column15_b28ddb-fd > .kt-inside-inner-col{flex-direction:column;}}@media all and (max-width: 767px){.kadence-column15_b28ddb-fd > .kt-inside-inner-col{flex-direction:column;}}<\/style>\n<div class=\"wp-block-kadence-column kadence-column15_b28ddb-fd\"><div class=\"kt-inside-inner-col\">\n<h2 class=\"wp-block-heading\">M\u00e1te o dom\u00e9nu z\u00e1jem?<\/h2>\n\n\n<style>.kadence-form-15_4ad8d3-1b .kb-form .kadence-blocks-form-field .kb-text-style-field, .kadence-form-15_4ad8d3-1b .kb-form .kadence-blocks-form-field .kb-select-style-field{color:var(--global-palette5, #4A5568);font-size:16px;line-height:22px;background:var(--global-palette9, #ffffff);border-color:rgba(113, 128, 150, 0.1);}.kadence-form-15_4ad8d3-1b .kb-form .kadence-blocks-form-field .kb-text-style-field:focus, .kadence-form-15_4ad8d3-1b .kb-form .kadence-blocks-form-field .kb-select-style-field:focus{color:var(--global-palette4, #2D3748);border-color:var(--global-palette5, #4A5568);background:var(--global-palette9, #ffffff);}.kadence-form-15_4ad8d3-1b .kb-form .kadence-blocks-form-field .kb-forms-submit{color:#ffffff;border-radius:50px;background:var(--global-palette1, #3182CE);}.kadence-form-15_4ad8d3-1b .kb-form .kadence-blocks-form-field .kb-forms-submit:hover, .kadence-form-15_4ad8d3-1b .kb-form .kadence-blocks-form-field .kb-forms-submit:focus {color:var(--global-palette9, #ffffff);background:var(--global-palette2, #2B6CB0);}.kb-form input.kadence-blocks-field.verify{opacity:0.0;position:absolute;top:0.0;left:0.0;width:0.0;height:0.0;z-index:-1;}<\/style>\n<div class=\"wp-block-kadence-form kadence-form-15_4ad8d3-1b kb-form-wrap\"><form class=\"kb-form\" action=\"\" method=\"post\"><div class=\"kadence-blocks-form-field kb-field-desk-width-100 kb-input-size-standard\"><input name=\"kb_field_0\" id=\"kb_field_15_4ad8d3-1b_0\" data-label=\"Name\" type=\"text\" placeholder=\"Va\u0161e jm\u00e9no\" value=\"\" data-type=\"text\" class=\"kb-field kb-text-style-field kb-text-field kb-field-0\"\/><\/div><div class=\"kadence-blocks-form-field kb-form-field-1 kb-field-desk-width-100 kb-input-size-standard\"><input name=\"kb_field_1\" id=\"kb_field_15_4ad8d3-1b_1\" data-label=\"Kontaktn\u00ed email\" type=\"email\" placeholder=\"Kontaktn\u00ed email\" value=\"\" data-type=\"email\" class=\"kb-field kb-text-style-field kb-email-field kb-field-1\" data-required=\"yes\"\/><\/div><div class=\"kadence-blocks-form-field kb-form-field-2 kb-field-desk-width-100 kb-input-size-standard\"><input name=\"kb_field_2\" id=\"kb_field_15_4ad8d3-1b_2\" data-label=\"Phone\" type=\"text\" placeholder=\"Telefonn\u00ed \u010d\u00edslo\" value=\"\" data-type=\"text\" class=\"kb-field kb-text-style-field kb-text-field kb-field-2\" data-required=\"yes\"\/><\/div><div class=\"kadence-blocks-form-field kb-form-field-3 kb-field-desk-width-100 kb-input-size-standard\"><input name=\"kb_field_3\" id=\"kb_field_15_4ad8d3-1b_3\" data-label=\"price\" type=\"text\" placeholder=\"Nab\u00edzen\u00e1 cena v K\u010d\" value=\"\" data-type=\"text\" class=\"kb-field kb-text-style-field kb-text-field kb-field-3\"\/><\/div><div class=\"kadence-blocks-form-field kb-form-field-4 kb-field-desk-width-100 kb-input-size-standard\"><textarea name=\"kb_field_4\" id=\"kb_field_15_4ad8d3-1b_4\" data-label=\"message\" type=\"textarea\" placeholder=\"Va\u0161e zpr\u00e1va (Nepovinn\u00e9)\" data-type=\"textarea\" class=\"kb-field kb-text-style-field kb-textarea-field kb-field-4\" rows=\"4\" data-required=\"yes\"><\/textarea><\/div><input type=\"hidden\" name=\"_kb_form_id\" value=\"15_4ad8d3-1b\"\/><input type=\"hidden\" name=\"_kb_form_post_id\" value=\"15\"\/><input type=\"hidden\" name=\"action\" value=\"kb_process_ajax_submit\"\/><input class=\"kadence-blocks-field verify\" type=\"text\" name=\"_kb_verify_email\" autocomplete=\"new-password\" aria-hidden=\"true\" placeholder=\"Email\" tabindex=\"-1\" data-1p-ignore=\"true\" data-lpignore=\"true\" \/><div class=\"kadence-blocks-form-field kb-submit-field kb-field-desk-width-100\"><button class=\"kb-forms-submit button kb-button-size-standard kb-button-width-auto\">Odeslat nab\u00eddku<\/button><\/div><\/form><\/div>\n<noscript><div class=\"kadence-blocks-form-message kadence-blocks-form-warning\">Please enable JavaScript in your browser to submit the form<\/div><style>.kadence-form-15_4ad8d3-1b .kadence-blocks-form-field.kb-submit-field { display: none; }<\/style><\/noscript><\/div><\/div>\n\n<\/div><\/div>","protected":false},"excerpt":{"rendered":"<p>fresh24.cz Tato dom\u00e9na m\u016f\u017ee b\u00fdt na prodej! M\u00e1te o dom\u00e9nu z\u00e1jem?<\/p>\n","protected":false},"author":1,"featured_media":0,"parent":0,"menu_order":0,"comment_status":"closed","ping_status":"closed","template":"","meta":{"_kadence_starter_templates_imported_post":true,"_kad_post_transparent":"","_kad_post_title":"hide","_kad_post_layout":"fullwidth","_kad_post_sidebar_id":"","_kad_post_content_style":"unboxed","_kad_post_vertical_padding":"hide","_kad_post_feature":"hide","_kad_post_feature_position":"","_kad_post_header":false,"_kad_post_footer":false,"footnotes":""},"class_list":["post-15","page","type-page","status-publish","hentry"],"_links":{"self":[{"href":"https:\/\/fresh24.cz\/index.php\/wp-json\/wp\/v2\/pages\/15","targetHints":{"allow":["GET"]}}],"collection":[{"href":"https:\/\/fresh24.cz\/index.php\/wp-json\/wp\/v2\/pages"}],"about":[{"href":"https:\/\/fresh24.cz\/index.php\/wp-json\/wp\/v2\/types\/page"}],"author":[{"embeddable":true,"href":"https:\/\/fresh24.cz\/index.php\/wp-json\/wp\/v2\/users\/1"}],"replies":[{"embeddable":true,"href":"https:\/\/fresh24.cz\/index.php\/wp-json\/wp\/v2\/comments?post=15"}],"version-history":[{"count":9,"href":"https:\/\/fresh24.cz\/index.php\/wp-json\/wp\/v2\/pages\/15\/revisions"}],"predecessor-version":[{"id":28,"href":"https:\/\/fresh24.cz\/index.php\/wp-json\/wp\/v2\/pages\/15\/revisions\/28"}],"wp:attachment":[{"href":"https:\/\/fresh24.cz\/index.php\/wp-json\/wp\/v2\/media?parent=15"}],"curies":[{"name":"wp","href":"https:\/\/api.w.org\/{rel}","templated":true}]}}